{"id":2256,"date":"2023-12-21T14:11:46","date_gmt":"2023-12-21T13:11:46","guid":{"rendered":"https:\/\/masgelipals.cat\/producto\/la-gran-nit-2021\/"},"modified":"2026-01-22T09:21:10","modified_gmt":"2026-01-22T08:21:10","slug":"la-gran-nit","status":"publish","type":"product","link":"https:\/\/masgelipals.cat\/fr\/producto\/la-gran-nit\/","title":{"rendered":"La Gran Nit"},"content":{"rendered":"<p><span style=\"font-weight: 400;\">Neuf mois dans l&#8217;\u0153uf de granit.<\/span><\/p>\n<p><span style=\"font-weight: 400;\">\u00c0 l&#8217;\u0153il, elle est nette et brillante, avec une couleur jaune paille d&#8217;intensit\u00e9 moyenne.<\/span><\/p>\n<p><span style=\"font-weight: 400;\">Au nez, il est frais, dynamique, avec des notes d&#8217;agrumes.<\/span><\/p>\n<p><span style=\"font-weight: 400;\">En bouche, son acidit\u00e9 persistante se d\u00e9marque. Le fait qu&#8217;il soit fabriqu\u00e9 \u00e0 partir d&#8217;\u0153ufs de granit lui conf\u00e8re cette touche \u00e9lectrique caract\u00e9ristique et est id\u00e9al pour ceux qui aiment \u00eatre surpris.<\/span><\/p>\n<p><span style=\"font-weight: 400;\">Vin \u00e0 intervention minimale.<\/span><\/p>\n<p>&nbsp;<\/p>\n","protected":false},"excerpt":{"rendered":"<p><span style=\"font-weight: 400;\">Neuf mois dans l&#8217;\u0153uf de granit.<\/span><\/p>\n<p><span style=\"font-weight: 400;\">\u00c0 l&#8217;\u0153il, elle est nette et brillante, avec une couleur jaune paille d&#8217;intensit\u00e9 moyenne.<\/span><\/p>\n<p><span style=\"font-weight: 400;\">Au nez, il est frais, dynamique, avec des notes d&#8217;agrumes.<\/span><\/p>\n<p><span style=\"font-weight: 400;\">En bouche, son acidit\u00e9 persistante se d\u00e9marque. Le fait qu&#8217;il soit fabriqu\u00e9 \u00e0 partir d&#8217;\u0153ufs de granit lui conf\u00e8re cette touche \u00e9lectrique caract\u00e9ristique et est id\u00e9al pour ceux qui aiment \u00eatre surpris.<\/span><\/p>\n<p><span style=\"font-weight: 400;\">Vin \u00e0 intervention minimale.<\/span><\/p>\n","protected":false},"featured_media":2257,"comment_status":"open","ping_status":"closed","template":"","meta":{"_acf_changed":false},"product_brand":[],"product_cat":[115],"product_tag":[],"class_list":{"0":"post-2256","1":"product","2":"type-product","3":"status-publish","4":"has-post-thumbnail","6":"product_cat-vi-fr","8":"first","9":"outofstock","10":"taxable","11":"shipping-taxable","12":"purchasable","13":"product-type-simple"},"acf":[],"_links":{"self":[{"href":"https:\/\/masgelipals.cat\/fr\/wp-json\/wp\/v2\/product\/2256","targetHints":{"allow":["GET"]}}],"collection":[{"href":"https:\/\/masgelipals.cat\/fr\/wp-json\/wp\/v2\/product"}],"about":[{"href":"https:\/\/masgelipals.cat\/fr\/wp-json\/wp\/v2\/types\/product"}],"replies":[{"embeddable":true,"href":"https:\/\/masgelipals.cat\/fr\/wp-json\/wp\/v2\/comments?post=2256"}],"wp:featuredmedia":[{"embeddable":true,"href":"https:\/\/masgelipals.cat\/fr\/wp-json\/wp\/v2\/media\/2257"}],"wp:attachment":[{"href":"https:\/\/masgelipals.cat\/fr\/wp-json\/wp\/v2\/media?parent=2256"}],"wp:term":[{"taxonomy":"product_brand","embeddable":true,"href":"https:\/\/masgelipals.cat\/fr\/wp-json\/wp\/v2\/product_brand?post=2256"},{"taxonomy":"product_cat","embeddable":true,"href":"https:\/\/masgelipals.cat\/fr\/wp-json\/wp\/v2\/product_cat?post=2256"},{"taxonomy":"product_tag","embeddable":true,"href":"https:\/\/masgelipals.cat\/fr\/wp-json\/wp\/v2\/product_tag?post=2256"}],"curies":[{"name":"wp","href":"https:\/\/api.w.org\/{rel}","templated":true}]}}